{"id":29499,"date":"2024-05-12T21:46:40","date_gmt":"2024-05-12T19:46:40","guid":{"rendered":"https:\/\/ivvd.ch\/?page_id=29499"},"modified":"2024-08-14T16:14:24","modified_gmt":"2024-08-14T14:14:24","slug":"politique-de-confidentialite","status":"publish","type":"page","link":"https:\/\/ivvd.ch\/en\/politique-de-confidentialite\/","title":{"rendered":"Politique de confidentialit\u00e9"},"content":{"rendered":"<p>[et_pb_section fb_built=\u00a0\u00bb1&Prime; _builder_version=\u00a0\u00bb4.25.2&Prime; _module_preset=\u00a0\u00bbdefault\u00a0\u00bb global_colors_info=\u00a0\u00bb{}\u00a0\u00bb][et_pb_row _builder_version=\u00a0\u00bb4.25.2&Prime; _module_preset=\u00a0\u00bbdefault\u00a0\u00bb global_colors_info=\u00a0\u00bb{}\u00a0\u00bb][et_pb_column type=\u00a0\u00bb4_4&Prime; _builder_version=\u00a0\u00bb4.25.2&Prime; _module_preset=\u00a0\u00bbdefault\u00a0\u00bb global_colors_info=\u00a0\u00bb{}\u00a0\u00bb][et_pb_text _builder_version=\u00a0\u00bb4.25.2&Prime; _module_preset=\u00a0\u00bbdefault\u00a0\u00bb text_font=\u00a0\u00bbOswald|||on|||||\u00a0\u00bb global_colors_info=\u00a0\u00bb{}\u00a0\u00bb]<\/p>\n<h1 style=\"text-align: center;\">Politique de confidentialit\u00e9<\/h1>\n<p>[\/et_pb_text][\/et_pb_column][\/et_pb_row][et_pb_row _builder_version=\u00a0\u00bb4.25.2&Prime; _module_preset=\u00a0\u00bbdefault\u00a0\u00bb global_colors_info=\u00a0\u00bb{}\u00a0\u00bb][et_pb_column type=\u00a0\u00bb4_4&Prime; _builder_version=\u00a0\u00bb4.25.2&Prime; _module_preset=\u00a0\u00bbdefault\u00a0\u00bb global_colors_info=\u00a0\u00bb{}\u00a0\u00bb][et_pb_text _builder_version=\u00a0\u00bb4.25.2&Prime; _module_preset=\u00a0\u00bbdefault\u00a0\u00bb text_font=\u00a0\u00bbOswald||||||||\u00a0\u00bb global_colors_info=\u00a0\u00bb{}\u00a0\u00bb]<\/p>\n<p><span>L\u2019adresse de notre site est\u00a0: https:\/\/ivvd.ch.<\/span><\/p>\n<p>[\/et_pb_text][\/et_pb_column][\/et_pb_row][et_pb_row _builder_version=\u00a0\u00bb4.25.2&Prime; _module_preset=\u00a0\u00bbdefault\u00a0\u00bb global_colors_info=\u00a0\u00bb{}\u00a0\u00bb][et_pb_column type=\u00a0\u00bb4_4&Prime; _builder_version=\u00a0\u00bb4.25.2&Prime; _module_preset=\u00a0\u00bbdefault\u00a0\u00bb global_colors_info=\u00a0\u00bb{}\u00a0\u00bb][et_pb_text _builder_version=\u00a0\u00bb4.25.2&Prime; _module_preset=\u00a0\u00bbdefault\u00a0\u00bb text_font=\u00a0\u00bbOswald|300|||||||\u00a0\u00bb global_colors_info=\u00a0\u00bb{}\u00a0\u00bb]<\/p>\n<p>Derni\u00e8re mise \u00e0 jour : <span style=\"color: #e02b20;\"><strong>14 ao\u00fbt 2024<\/strong><\/span><\/p>\n<p>Bienvenue sur <a rel=\"noreferrer noopener\" target=\"_new\" href=\"https:\/\/ivvd.ch\/\">https:\/\/ivvd.ch<\/a> (le \u00ab\u00a0Site\u00a0\u00bb). La protection de votre vie priv\u00e9e est de la plus haute importance pour nous. Cette politique de confidentialit\u00e9 explique quelles informations nous collectons, comment nous les utilisons, et vos droits concernant ces informations.<\/p>\n<h4><span style=\"font-size: large; color: #e02b20;\"><strong>Informations que nous collectons<\/strong><\/span><\/h4>\n<p>Nous pouvons collecter et traiter les types de donn\u00e9es personnelles suivants :<\/p>\n<ul>\n<li><span style=\"color: #e02b20;\"><strong>Informations fournies par vous<\/strong><\/span> : Lorsque vous remplissez des formulaires sur notre site ou interagissez avec nous de toute autre mani\u00e8re, vous pouvez nous fournir des informations telles que votre nom, adresse e-mail, num\u00e9ro de t\u00e9l\u00e9phone, adresse postale, etc.<\/li>\n<li><span style=\"color: #e02b20;\"><strong>Informations collect\u00e9es automatiquement<\/strong><\/span> : Lorsque vous visitez notre site, nous pouvons collecter automatiquement certaines informations sur votre appareil et votre utilisation du site, telles que votre adresse IP, votre type de navigateur, les pages que vous visitez et les liens sur lesquels vous cliquez.<\/li>\n<\/ul>\n<h2><span style=\"font-size: large; color: #e02b20;\"><strong>Utilisation de vos informations<\/strong><\/span><\/h2>\n<p>Nous utilisons vos informations pour :<\/p>\n<ul>\n<li>Fournir, exploiter et maintenir notre site.<\/li>\n<li>Am\u00e9liorer, personnaliser et d\u00e9velopper notre site.<\/li>\n<li>Comprendre et analyser comment vous utilisez notre site.<\/li>\n<li>Communiquer avec vous, soit directement, soit par le biais d&rsquo;un de nos partenaires, y compris pour le service client, pour vous fournir des mises \u00e0 jour et d&rsquo;autres informations relatives au site, et \u00e0 des fins de marketing et de promotion.<\/li>\n<li>Respecter les obligations l\u00e9gales.<\/li>\n<\/ul>\n<h2><span style=\"font-size: large; color: #e02b20;\"><strong>Partage de vos informations<\/strong><\/span><\/h2>\n<p>Nous pouvons partager vos informations personnelles avec des tiers dans les situations suivantes :<\/p>\n<ul>\n<li>Avec votre consentement.<\/li>\n<li>Avec nos prestataires de services qui nous aident \u00e0 exploiter notre site et \u00e0 fournir nos services, \u00e0 condition qu&rsquo;ils respectent des obligations strictes de confidentialit\u00e9.<\/li>\n<li>Si la loi nous y oblige ou pour prot\u00e9ger nos droits.<\/li>\n<\/ul>\n<h2><span style=\"font-size: large; color: #e02b20;\"><strong>Protection de vos informations<\/strong><\/span><\/h2>\n<p>Nous mettons en place des mesures de s\u00e9curit\u00e9 appropri\u00e9es pour prot\u00e9ger vos informations contre tout acc\u00e8s non autoris\u00e9, toute modification, divulgation ou destruction de vos donn\u00e9es personnelles.<\/p>\n<p><span style=\"font-size: large; color: #e02b20;\"><strong>Vos droits<\/strong><\/span><\/p>\n<p>En vertu de la l\u00e9gislation applicable, vous pouvez avoir le droit de :<\/p>\n<ul>\n<li>Acc\u00e9der \u00e0 vos donn\u00e9es personnelles et recevoir des informations sur leur utilisation.<\/li>\n<li>Demander la correction de vos donn\u00e9es personnelles inexactes.<\/li>\n<li>Demander la suppression de vos donn\u00e9es personnelles.<\/li>\n<li>Limiter le traitement de vos donn\u00e9es personnelles.<\/li>\n<li>Vous opposer au traitement de vos donn\u00e9es personnelles.<\/li>\n<li>Demander la portabilit\u00e9 de vos donn\u00e9es personnelles.<\/li>\n<\/ul>\n<p>Pour exercer ces droits, veuillez nous contacter \u00e0 l&rsquo;adresse suivante : info@ivvd.ch<\/p>\n<p><span style=\"font-size: large; color: #e02b20;\"><strong>Cookies<\/strong><\/span><\/p>\n<p>Notre site utilise des cookies pour am\u00e9liorer votre exp\u00e9rience en ligne. Un cookie est un petit fichier texte plac\u00e9 sur votre appareil lorsque vous visitez notre site. Vous pouvez configurer votre navigateur pour refuser les cookies ou pour vous alerter lorsque des cookies sont envoy\u00e9s.<\/p>\n<p><span style=\"font-size: large; color: #e02b20;\"><strong>Modifications de cette politique de confidentialit\u00e9<\/strong><\/span><\/p>\n<p>Nous pouvons mettre \u00e0 jour cette politique de confidentialit\u00e9 de temps en temps pour refl\u00e9ter les modifications apport\u00e9es \u00e0 nos pratiques de traitement des informations. Nous vous informerons de tout changement en publiant la nouvelle politique de confidentialit\u00e9 sur cette page.<\/p>\n<p><span style=\"color: #e02b20; font-size: large;\"><strong>Contact<\/strong><\/span><\/p>\n<p>Si vous avez des questions concernant cette politique de confidentialit\u00e9 ou notre traitement de vos informations personnelles, veuillez nous contacter \u00e0 l&rsquo;adresse suivante : info@ivvd.ch<\/p>\n<p>[\/et_pb_text][\/et_pb_column][\/et_pb_row][\/et_pb_section]<\/p>","protected":false},"excerpt":{"rendered":"<p>Politique de confidentialit\u00e9L\u2019adresse de notre site est\u00a0: https:\/\/ivvd.ch.Derni\u00e8re mise \u00e0 jour : 14 ao\u00fbt 2024 Bienvenue sur https:\/\/ivvd.ch (le \u00ab\u00a0Site\u00a0\u00bb). La protection de votre vie priv\u00e9e est de la plus haute importance pour nous. Cette politique de confidentialit\u00e9 explique quelles informations nous collectons, comment nous les utilisons, et vos droits concernant ces informations. Informations que [&hellip;]<\/p>","protected":false},"author":2,"featured_media":0,"parent":0,"menu_order":0,"comment_status":"closed","ping_status":"closed","template":"","meta":{"_et_pb_use_builder":"on","_et_pb_old_content":"<!-- wp:heading -->\n<h2 class=\"wp-block-heading\">Qui sommes-nous&nbsp;?<\/h2>\n<!-- \/wp:heading -->\n\n<!-- wp:paragraph -->\n<p>L\u2019adresse de notre site est\u00a0: https:\/\/ivvd.ch.<\/p>\n<!-- \/wp:paragraph -->\n\n<!-- wp:heading -->\n<h2 class=\"wp-block-heading\">Commentaires<\/h2>\n<!-- \/wp:heading -->\n\n<!-- wp:paragraph -->\n<p>Quand vous laissez un commentaire sur notre site, les donn\u00e9es inscrites dans le formulaire de commentaire, ainsi que votre adresse IP et l\u2019agent utilisateur de votre navigateur sont collect\u00e9s pour nous aider \u00e0 la d\u00e9tection des commentaires ind\u00e9sirables.<\/p>\n<!-- \/wp:paragraph -->\n\n<!-- wp:paragraph -->\n<p>Une cha\u00eene anonymis\u00e9e cr\u00e9\u00e9e \u00e0 partir de votre adresse e-mail (\u00e9galement appel\u00e9e hash) peut \u00eatre envoy\u00e9e au service Gravatar pour v\u00e9rifier si vous utilisez ce dernier. Les clauses de confidentialit\u00e9 du service Gravatar sont disponibles ici&nbsp;: https:\/\/automattic.com\/privacy\/. Apr\u00e8s validation de votre commentaire, votre photo de profil sera visible publiquement \u00e0 cot\u00e9 de votre commentaire.<\/p>\n<!-- \/wp:paragraph -->\n\n<!-- wp:heading -->\n<h2 class=\"wp-block-heading\">M\u00e9dias<\/h2>\n<!-- \/wp:heading -->\n\n<!-- wp:paragraph -->\n<p>Si vous t\u00e9l\u00e9versez des images sur le site, nous vous conseillons d\u2019\u00e9viter de t\u00e9l\u00e9verser des images contenant des donn\u00e9es EXIF de coordonn\u00e9es GPS. Les personnes visitant votre site peuvent t\u00e9l\u00e9charger et extraire des donn\u00e9es de localisation depuis ces images.<\/p>\n<!-- \/wp:paragraph -->\n\n<!-- wp:heading -->\n<h2 class=\"wp-block-heading\">Cookies<\/h2>\n<!-- \/wp:heading -->\n\n<!-- wp:paragraph -->\n<p>Si vous d\u00e9posez un commentaire sur notre site, il vous sera propos\u00e9 d\u2019enregistrer votre nom, adresse e-mail et site dans des cookies. C\u2019est uniquement pour votre confort afin de ne pas avoir \u00e0 saisir ces informations si vous d\u00e9posez un autre commentaire plus tard. Ces cookies expirent au bout d\u2019un an.<\/p>\n<!-- \/wp:paragraph -->\n\n<!-- wp:paragraph -->\n<p>Si vous vous rendez sur la page de connexion, un cookie temporaire sera cr\u00e9\u00e9 afin de d\u00e9terminer si votre navigateur accepte les cookies. Il ne contient pas de donn\u00e9es personnelles et sera supprim\u00e9 automatiquement \u00e0 la fermeture de votre navigateur.<\/p>\n<!-- \/wp:paragraph -->\n\n<!-- wp:paragraph -->\n<p>Lorsque vous vous connecterez, nous mettrons en place un certain nombre de cookies pour enregistrer vos informations de connexion et vos pr\u00e9f\u00e9rences d\u2019\u00e9cran. La dur\u00e9e de vie d\u2019un cookie de connexion est de deux jours, celle d\u2019un cookie d\u2019option d\u2019\u00e9cran est d\u2019un an. Si vous cochez \u00ab&nbsp;Se souvenir de moi&nbsp;\u00bb, votre cookie de connexion sera conserv\u00e9 pendant deux semaines. Si vous vous d\u00e9connectez de votre compte, le cookie de connexion sera effac\u00e9.<\/p>\n<!-- \/wp:paragraph -->\n\n<!-- wp:paragraph -->\n<p>En modifiant ou en publiant une publication, un cookie suppl\u00e9mentaire sera enregistr\u00e9 dans votre navigateur. Ce cookie ne comprend aucune donn\u00e9e personnelle. Il indique simplement l\u2019ID de la publication que vous venez de modifier. Il expire au bout d\u2019un jour.<\/p>\n<!-- \/wp:paragraph -->\n\n<!-- wp:heading -->\n<h2 class=\"wp-block-heading\">Contenu embarqu\u00e9 depuis d\u2019autres sites<\/h2>\n<!-- \/wp:heading -->\n\n<!-- wp:paragraph -->\n<p>Les articles de ce site peuvent inclure des contenus int\u00e9gr\u00e9s (par exemple des vid\u00e9os, images, articles\u2026). Le contenu int\u00e9gr\u00e9 depuis d\u2019autres sites se comporte de la m\u00eame mani\u00e8re que si le visiteur se rendait sur cet autre site.<\/p>\n<!-- \/wp:paragraph -->\n\n<!-- wp:paragraph -->\n<p>Ces sites web pourraient collecter des donn\u00e9es sur vous, utiliser des cookies, embarquer des outils de suivis tiers, suivre vos interactions avec ces contenus embarqu\u00e9s si vous disposez d\u2019un compte connect\u00e9 sur leur site web.<\/p>\n<!-- \/wp:paragraph -->\n\n<!-- wp:heading -->\n<h2 class=\"wp-block-heading\">Utilisation et transmission de vos donn\u00e9es personnelles<\/h2>\n<!-- \/wp:heading -->\n\n<!-- wp:paragraph -->\n<p><strong class=\"privacy-policy-tutorial\">Texte sugg\u00e9r\u00e9&nbsp;: <\/strong>Si vous demandez une r\u00e9initialisation de votre mot de passe, votre adresse IP sera incluse dans l\u2019e-mail de r\u00e9initialisation.<\/p>\n<!-- \/wp:paragraph -->\n\n<!-- wp:heading -->\n<h2 class=\"wp-block-heading\">Dur\u00e9es de stockage de vos donn\u00e9es<\/h2>\n<!-- \/wp:heading -->\n\n<!-- wp:paragraph -->\n<p>Si vous laissez un commentaire, le commentaire et ses m\u00e9tadonn\u00e9es sont conserv\u00e9s ind\u00e9finiment. Cela permet de reconna\u00eetre et approuver automatiquement les commentaires suivants au lieu de les laisser dans la file de mod\u00e9ration.<\/p>\n<!-- \/wp:paragraph -->\n\n<!-- wp:paragraph -->\n<p>Pour les comptes qui s\u2019inscrivent sur notre site (le cas \u00e9ch\u00e9ant), nous stockons \u00e9galement les donn\u00e9es personnelles indiqu\u00e9es dans leur profil. Tous les comptes peuvent voir, modifier ou supprimer leurs informations personnelles \u00e0 tout moment (\u00e0 l\u2019exception de leur identifiant). Les gestionnaires du site peuvent aussi voir et modifier ces informations.<\/p>\n<!-- \/wp:paragraph -->\n\n<!-- wp:heading -->\n<h2 class=\"wp-block-heading\">Les droits que vous avez sur vos donn\u00e9es<\/h2>\n<!-- \/wp:heading -->\n\n<!-- wp:paragraph -->\n<p>Si vous avez un compte ou si vous avez laiss\u00e9 des commentaires sur le site, vous pouvez demander \u00e0 recevoir un fichier contenant toutes les donn\u00e9es personnelles que nous poss\u00e9dons \u00e0 votre sujet, incluant celles que vous nous avez fournies. Vous pouvez \u00e9galement demander la suppression des donn\u00e9es personnelles vous concernant. Cela ne prend pas en compte les donn\u00e9es stock\u00e9es \u00e0 des fins administratives, l\u00e9gales ou pour des raisons de s\u00e9curit\u00e9.<\/p>\n<!-- \/wp:paragraph -->\n\n<!-- wp:heading -->\n<h2 class=\"wp-block-heading\">O\u00f9 vos donn\u00e9es sont envoy\u00e9es<\/h2>\n<!-- \/wp:heading -->\n\n<!-- wp:paragraph -->\n<p>Les commentaires des visiteurs peuvent \u00eatre v\u00e9rifi\u00e9s \u00e0 l\u2019aide d\u2019un service automatis\u00e9 de d\u00e9tection des commentaires ind\u00e9sirables.<\/p>\n<!-- \/wp:paragraph -->","_et_gb_content_width":"","footnotes":""},"class_list":["post-29499","page","type-page","status-publish","hentry"],"_links":{"self":[{"href":"https:\/\/ivvd.ch\/en\/wp-json\/wp\/v2\/pages\/29499","targetHints":{"allow":["GET"]}}],"collection":[{"href":"https:\/\/ivvd.ch\/en\/wp-json\/wp\/v2\/pages"}],"about":[{"href":"https:\/\/ivvd.ch\/en\/wp-json\/wp\/v2\/types\/page"}],"author":[{"embeddable":true,"href":"https:\/\/ivvd.ch\/en\/wp-json\/wp\/v2\/users\/2"}],"replies":[{"embeddable":true,"href":"https:\/\/ivvd.ch\/en\/wp-json\/wp\/v2\/comments?post=29499"}],"version-history":[{"count":7,"href":"https:\/\/ivvd.ch\/en\/wp-json\/wp\/v2\/pages\/29499\/revisions"}],"predecessor-version":[{"id":30344,"href":"https:\/\/ivvd.ch\/en\/wp-json\/wp\/v2\/pages\/29499\/revisions\/30344"}],"wp:attachment":[{"href":"https:\/\/ivvd.ch\/en\/wp-json\/wp\/v2\/media?parent=29499"}],"curies":[{"name":"wp","href":"https:\/\/api.w.org\/{rel}","templated":true}]}}